{"id":52,"date":"2021-04-20T12:12:46","date_gmt":"2021-04-20T10:12:46","guid":{"rendered":"https:\/\/pension-edison13.com\/home\/wordpress\/?page_id=52"},"modified":"2021-04-20T12:12:47","modified_gmt":"2021-04-20T10:12:47","slug":"kontakt","status":"publish","type":"page","link":"https:\/\/pension-edison13.com\/home\/wordpress\/kontakt\/","title":{"rendered":"Kontakt"},"content":{"rendered":"\n<p>Wir sind t\u00e4glich von 8:00 &#8211; 12:00 und von 15:00 &#8211; 22:00 telefonisch f\u00fcr Sie&nbsp; erreichbar.<\/p>\n\n\n\n<p>Bitte nutzen Sie die M\u00f6glichkeit Ihre Anfrage schriftlich zu stellen.<\/p>\n\n\n\n<p>Tel. :&nbsp; +49 (030) 53602839<\/p>\n\n\n\n<p>Te. : &nbsp; +49 (030) 75456460<\/p>\n\n\n\n<p>Mobil:+49 15150994232<\/p>\n\n\n\n<p>Fax : +49 (030) 53093818<\/p>\n\n\n\n<p><a href=\"mailto:pensionedison@googlemail.com\">pensionedison[at]googlemail<\/a>[dot]<a>com<\/a><\/p>\n\n\n\n<p>Pension &#8220; Edison 13 &#8222;, Edisonstra\u00dfe 13, 12459 Berlin<\/p>\n\n\n\n<p>Br\u00fcning &amp; Boin GbR, Ust-Id.:DE253200399<\/p>\n\n\n\n<p>Wir bedanken uns f\u00fcr ihr Interesse und w\u00fcrden uns<\/p>\n\n\n\n<p>freuen Sie als Gast in unserem Hause begr\u00fc\u00dfen zu d\u00fcrfen.<\/p>\n","protected":false},"excerpt":{"rendered":"<p>Wir sind t\u00e4glich von 8:00 &#8211; 12:00 und von 15:00 &#8211; 22:00 telefonisch f\u00fcr Sie&nbsp; erreichbar. Bitte nutzen Sie die M\u00f6glichkeit Ihre Anfrage schriftlich zu stellen. Tel. :&nbsp; +49 (030) 53602839 Te. : &nbsp; +49 (030) 75456460 Mobil:+49 15150994232 Fax : +49 (030) 53093818 pensionedison[at]googlemail[dot]com Pension &#8220; Edison 13 &#8222;, Edisonstra\u00dfe 13, 12459 Berlin Br\u00fcning &hellip;<\/p>\n<p class=\"read-more\"> <a class=\"\" href=\"https:\/\/pension-edison13.com\/home\/wordpress\/kontakt\/\"> <span class=\"screen-reader-text\">Kontakt<\/span> Weiterlesen &raquo;<\/a><\/p>\n","protected":false},"author":1,"featured_media":0,"parent":0,"menu_order":0,"comment_status":"closed","ping_status":"closed","template":"","meta":{"footnotes":""},"class_list":["post-52","page","type-page","status-publish","hentry"],"_links":{"self":[{"href":"https:\/\/pension-edison13.com\/home\/wordpress\/wp-json\/wp\/v2\/pages\/52","targetHints":{"allow":["GET"]}}],"collection":[{"href":"https:\/\/pension-edison13.com\/home\/wordpress\/wp-json\/wp\/v2\/pages"}],"about":[{"href":"https:\/\/pension-edison13.com\/home\/wordpress\/wp-json\/wp\/v2\/types\/page"}],"author":[{"embeddable":true,"href":"https:\/\/pension-edison13.com\/home\/wordpress\/wp-json\/wp\/v2\/users\/1"}],"replies":[{"embeddable":true,"href":"https:\/\/pension-edison13.com\/home\/wordpress\/wp-json\/wp\/v2\/comments?post=52"}],"version-history":[{"count":1,"href":"https:\/\/pension-edison13.com\/home\/wordpress\/wp-json\/wp\/v2\/pages\/52\/revisions"}],"predecessor-version":[{"id":53,"href":"https:\/\/pension-edison13.com\/home\/wordpress\/wp-json\/wp\/v2\/pages\/52\/revisions\/53"}],"wp:attachment":[{"href":"https:\/\/pension-edison13.com\/home\/wordpress\/wp-json\/wp\/v2\/media?parent=52"}],"curies":[{"name":"wp","href":"https:\/\/api.w.org\/{rel}","templated":true}]}}